{"id":3699,"date":"2026-01-10T12:28:13","date_gmt":"2026-01-10T11:28:13","guid":{"rendered":"https:\/\/test4.praktijk.nl\/?page_id=3699"},"modified":"2026-01-10T12:30:48","modified_gmt":"2026-01-10T11:30:48","slug":"ev-kurallari","status":"publish","type":"page","link":"https:\/\/huisartsen.gcschalkwijk.nl\/tr\/huisregels\/","title":{"rendered":"Ev kurallar\u0131"},"content":{"rendered":"<style>.elementor-3699 .elementor-element.elementor-element-464a07f{--display:flex;--flex-direction:row;--container-widget-width:calc( ( 1 - var( --container-widget-flex-grow ) ) * 100% );--container-widget-height:100%;--container-widget-flex-grow:1;--container-widget-align-self:stretch;--flex-wrap-mobile:wrap;--align-items:stretch;--gap:10px 10px;--row-gap:10px;--column-gap:10px;}.elementor-3699 .elementor-element.elementor-element-b3abbcb{--display:flex;--flex-direction:row;--container-widget-width:calc( ( 1 - var( --container-widget-flex-grow ) ) * 100% );--container-widget-height:100%;--container-widget-flex-grow:1;--container-widget-align-self:stretch;--flex-wrap-mobile:wrap;--align-items:stretch;--gap:10px 10px;--row-gap:10px;--column-gap:10px;}<\/style>\t\t<div data-elementor-type=\"wp-page\" data-elementor-id=\"3699\" class=\"elementor elementor-3699\" data-elementor-post-type=\"page\">\n\t\t\t\t<div class=\"elementor-element elementor-element-464a07f e-flex e-con-boxed e-con e-parent\" data-id=\"464a07f\" data-element_type=\"container\" data-e-type=\"container\" data-settings=\"{&quot;jet_parallax_layout_list&quot;:[]}\">\n\t\t\t\t\t<div class=\"e-con-inner\">\n\t\t\t\t<div class=\"elementor-element elementor-element-8a91cf0 elementor-widget elementor-widget-text-editor\" data-id=\"8a91cf0\" data-element_type=\"widget\" data-e-type=\"widget\" data-widget_type=\"text-editor.default\">\n\t\t\t\t<div class=\"elementor-widget-container\">\n\t\t\t\t\t\t\t\t\t\n<div class=\"mcb-wrap-background-overlay\"><strong style=\"font-family: -apple-system, BlinkMacSystemFont, 'Segoe UI', Roboto, 'Helvetica Neue', Arial, 'Noto Sans', sans-serif, 'Apple Color Emoji', 'Segoe UI Emoji', 'Segoe UI Symbol', 'Noto Color Emoji'\">Ev kurallar\u0131<br \/><br \/><\/strong><span style=\"font-family: -apple-system, BlinkMacSystemFont, 'Segoe UI', Roboto, 'Helvetica Neue', Arial, 'Noto Sans', sans-serif, 'Apple Color Emoji', 'Segoe UI Emoji', 'Segoe UI Symbol', 'Noto Color Emoji'\">Merkez, sosyo-ekonomik zorluklar ve ailevi sorunlarla m\u00fccadele eden gen\u00e7 Schalkwijk b\u00f6lgesinde \u00e7ok \u00f6nemli bir rol oynad\u0131. Merkez giderek b\u00fcy\u00fcd\u00fc ve 2005 y\u0131l\u0131nda Elan Wonen konut derne\u011fi taraf\u0131ndan finanse edilen 11 Briandlaan adresindeki yeni binas\u0131na ta\u015f\u0131nd\u0131. Meerwijk Eczanesi de onunla birlikte ta\u015f\u0131nd\u0131 ve y\u0131llar i\u00e7inde merkez, muayenehane yard\u0131mc\u0131lar\u0131, pedik\u00fcr, ayak hastal\u0131klar\u0131 uzmanlar\u0131, ebeler ve geni\u015fletilmi\u015f t\u0131bbi ve psikolojik ekipler de dahil olmak \u00fczere artan say\u0131da disiplin sundu.<\/span><\/div>\n<div class=\"column mcb-column mcb-item-ebce2d059 three-fourth laptop-three-fourth tablet-three-fourth mobile-one column_column vb-item\">\n<div class=\"mcb-column-inner mfn-module-wrapper mcb-column-inner-ebce2d059 mcb-item-column-inner\">\n<div class=\"column_attr mfn-inline-editor clearfix\">\n<p>Schalkwijk Sa\u011fl\u0131k Merkezi art\u0131k hastalar i\u00e7in yeni ev kurallar\u0131n\u0131 uygulamaya koymu\u015ftur. Bunlar aras\u0131nda sayg\u0131l\u0131 davran\u0131\u015f, anketler ve belgelerle ziyaretlere haz\u0131rl\u0131k, kimlik belirleme gereklilikleri, nazik cep telefonu kullan\u0131m\u0131, tesislerin temizli\u011fi, g\u00fcvenlik i\u00e7in kamera g\u00f6zetimi ve izinsiz foto\u011fraf \u00e7ekme, sigara i\u00e7me, alkol veya uyu\u015fturucu kullan\u0131m\u0131, \u015fiddet, silahlar ve yard\u0131mc\u0131 k\u00f6pekler d\u0131\u015f\u0131nda evcil hayvanlar gibi yasaklanm\u0131\u015f faaliyetler yer almaktad\u0131r.<\/p>\n<\/div>\n<\/div>\n<\/div>\n\t\t\t\t\t\t\t\t<\/div>\n\t\t\t\t<\/div>\n\t\t\t\t\t<\/div>\n\t\t\t\t<\/div>\n\t\t<div class=\"elementor-element elementor-element-b3abbcb e-flex e-con-boxed e-con e-parent\" data-id=\"b3abbcb\" data-element_type=\"container\" data-e-type=\"container\" data-settings=\"{&quot;jet_parallax_layout_list&quot;:[]}\">\n\t\t\t\t\t<div class=\"e-con-inner\">\n\t\t\t\t<div class=\"elementor-element elementor-element-bc5ce88 elementor-widget elementor-widget-text-editor\" data-id=\"bc5ce88\" data-element_type=\"widget\" data-e-type=\"widget\" data-widget_type=\"text-editor.default\">\n\t\t\t\t<div class=\"elementor-widget-container\">\n\t\t\t\t\t\t\t\t\t\n<div class=\"mcb-wrap-background-overlay\">\n<p><strong>A\u00e7\u0131k Mektup<\/strong><\/p>\n<p>A\u00e7\u0131k Mektup, Schalkwijk Sa\u011fl\u0131k Merkezi hastalar\u0131 ve m\u00fc\u015fterileri i\u00e7in bir haber dergisidir.<br \/>\u0130lk olarak 1975 y\u0131l\u0131nda Sa\u011fl\u0131k Merkezi kuruldu\u011funda yay\u0131nlanm\u0131\u015ft\u0131r ve y\u0131lda 4 kez yay\u0131nlanmaktad\u0131r.<br \/>Burada, sa\u011fl\u0131k merkezi personelinin sundu\u011fu tedavi hizmetleri hakk\u0131nda bilgi bulabilirsiniz. Genellikle \u00f6tenazi, obezite, ALK, yaln\u0131zl\u0131k, d\u00fc\u015fmeyi \u00f6nleme, sigaray\u0131 b\u0131rakma ve \u00e7ok daha fazlas\u0131 gibi \u00f6nemli konular\u0131 kapsar. Ayr\u0131ca, yeni personel kendilerini tan\u0131t\u0131yor ve hangi personelin veda etti\u011fini okuyabiliyorsunuz. Benzersiz bir \u015fekilde, edit\u00f6r ekibi g\u00f6n\u00fcll\u00fclerden olu\u015fuyor ve 40 g\u00f6n\u00fcll\u00fcden olu\u015fan bir ekip taraf\u0131ndan yakla\u015f\u0131k 6.000 aileye ula\u015ft\u0131r\u0131l\u0131yor.<\/p>\n<p>Sizin de katk\u0131da bulunmak istedi\u011finiz bir \u015fey var m\u0131? Bu her zaman \u00e7ok takdir edilir. Bunu edit\u00f6re \u015fu adresten e-posta ile g\u00f6nderebilirsiniz <a href=\"mailto:openbrief@gcschalkwijk.nl?Subject=Website%20vragen\" target=\"_top\">openbrief@gcschalkwijk.nl<\/a><\/p>\n<p><strong>Aray\u0131n<\/strong><\/p>\n<p>A\u00e7\u0131k Mektup da\u011f\u0131t\u0131m\u0131 i\u00e7in g\u00f6n\u00fcll\u00fclere ihtiya\u00e7 var: 3. b\u00f6lge: L. Pasteurstraat ve yakla\u015f\u0131k 210 gazete, 8. b\u00f6lge Deventerstraat ve yakla\u015f\u0131k 150 gazete. A\u00e7\u0131k Mektup'u y\u0131lda 4 kez da\u011f\u0131tmak ya da saymak m\u0131 istiyorsunuz, yoksa yedek da\u011f\u0131t\u0131c\u0131 olmak ve d\u00fczenli da\u011f\u0131t\u0131c\u0131lar\u0131n hastal\u0131k, tatil vb. durumlar\u0131nda yerlerini doldurmak m\u0131 istiyorsunuz? E\u011fer \u00f6yleyse, l\u00fctfen ileti\u015fime ge\u00e7in: Henk Jelierse, da\u011f\u0131t\u0131m irtibat ki\u015fisi Telefon numaras\u0131:\u00a0<i class=\"icon-call\"><\/i><a href=\"tel:023-5360749\">023-5360749<\/a>\u00a0ya da e-posta yoluyla:\u00a0<a href=\"mailto:jeliersehenk@hetnet.nl?Subject=Website%20vragen\" target=\"_top\">jeliersehenk@hetnet.nl<\/a><\/p>\n<\/div>\n\t\t\t\t\t\t\t\t<\/div>\n\t\t\t\t<\/div>\n\t\t\t\t\t<\/div>\n\t\t\t\t<\/div>\n\t\t\t\t<\/div>","protected":false},"excerpt":{"rendered":"<p>Huisregels Het centrum speelde een cruciale rol in de jonge wijk Schalkwijk, die kampte met sociaaleconomische uitdagingen en gezinsproblemen. Het groeide gestaag en verhuisde in 2005 naar een nieuw gebouw aan de Briandlaan 11, gefinancierd door woningbouwvereniging Elan Wonen. Apotheek Meerwijk verhuisde ook mee, en het centrum bood in de loop der jaren steeds meer [&hellip;]<\/p>\n","protected":false},"author":2,"featured_media":0,"parent":0,"menu_order":0,"comment_status":"closed","ping_status":"closed","template":"elementor_header_footer","meta":{"_jf_save_progress":"","footnotes":""},"class_list":["post-3699","page","type-page","status-publish","hentry"],"_links":{"self":[{"href":"https:\/\/huisartsen.gcschalkwijk.nl\/tr\/wp-json\/wp\/v2\/pages\/3699","targetHints":{"allow":["GET"]}}],"collection":[{"href":"https:\/\/huisartsen.gcschalkwijk.nl\/tr\/wp-json\/wp\/v2\/pages"}],"about":[{"href":"https:\/\/huisartsen.gcschalkwijk.nl\/tr\/wp-json\/wp\/v2\/types\/page"}],"author":[{"embeddable":true,"href":"https:\/\/huisartsen.gcschalkwijk.nl\/tr\/wp-json\/wp\/v2\/users\/2"}],"replies":[{"embeddable":true,"href":"https:\/\/huisartsen.gcschalkwijk.nl\/tr\/wp-json\/wp\/v2\/comments?post=3699"}],"version-history":[{"count":7,"href":"https:\/\/huisartsen.gcschalkwijk.nl\/tr\/wp-json\/wp\/v2\/pages\/3699\/revisions"}],"predecessor-version":[{"id":3706,"href":"https:\/\/huisartsen.gcschalkwijk.nl\/tr\/wp-json\/wp\/v2\/pages\/3699\/revisions\/3706"}],"wp:attachment":[{"href":"https:\/\/huisartsen.gcschalkwijk.nl\/tr\/wp-json\/wp\/v2\/media?parent=3699"}],"curies":[{"name":"wp","href":"https:\/\/api.w.org\/{rel}","templated":true}]}}