{"id":3,"date":"2022-02-16T12:34:04","date_gmt":"2022-02-16T11:34:04","guid":{"rendered":"https:\/\/elementor.043basis.nl\/?page_id=3"},"modified":"2023-03-13T09:03:49","modified_gmt":"2023-03-13T08:03:49","slug":"gi%cc%87zli%cc%87li%cc%87k-bi%cc%87ldi%cc%87ri%cc%87mi%cc%87","status":"publish","type":"page","link":"https:\/\/huisartsen.gcschalkwijk.nl\/tr\/privacy-verklaring\/","title":{"rendered":"Gizlilik Bildirimi"},"content":{"rendered":"<style>.elementor-3 .elementor-element.elementor-element-464a07f{--display:flex;--flex-direction:row;--container-widget-width:calc( ( 1 - var( --container-widget-flex-grow ) ) * 100% );--container-widget-height:100%;--container-widget-flex-grow:1;--container-widget-align-self:stretch;--flex-wrap-mobile:wrap;--align-items:stretch;--gap:10px 10px;--row-gap:10px;--column-gap:10px;}<\/style>\t\t<div data-elementor-type=\"wp-page\" data-elementor-id=\"3\" class=\"elementor elementor-3\" data-elementor-post-type=\"page\">\n\t\t\t\t<div class=\"elementor-element elementor-element-464a07f e-flex e-con-boxed e-con e-parent\" data-id=\"464a07f\" data-element_type=\"container\" data-e-type=\"container\" data-settings=\"{&quot;jet_parallax_layout_list&quot;:[]}\">\n\t\t\t\t\t<div class=\"e-con-inner\">\n\t\t\t\t<div class=\"elementor-element elementor-element-8a91cf0 elementor-widget elementor-widget-text-editor\" data-id=\"8a91cf0\" data-element_type=\"widget\" data-e-type=\"widget\" data-widget_type=\"text-editor.default\">\n\t\t\t\t<div class=\"elementor-widget-container\">\n\t\t\t\t\t\t\t\t\t\n<h2 class=\"wp-block-heading\">Gizlilik ve \u00e7erez beyan\u0131 Web siteleri<\/h2>\n<p>Schalkwijk Sa\u011fl\u0131k Merkezi - Haarlem'de web sitesi kullan\u0131c\u0131lar\u0131n\u0131n gizlili\u011fine b\u00fcy\u00fck \u00f6nem veriyoruz. Gizlili\u011finizi elimizden gelen en iyi \u015fekilde sa\u011flamak i\u00e7in bir dizi temel de\u011fere ba\u011fl\u0131 kal\u0131yoruz.<\/p>\n<ul>\n<li><strong>Haber ver:\u00a0<\/strong>Ki\u015fisel verileri nas\u0131l ve neden i\u015fledi\u011fimiz konusunda sizi m\u00fcmk\u00fcn oldu\u011funca iyi bilgilendirmek istiyoruz. Bunu bu gizlilik bildirimi arac\u0131l\u0131\u011f\u0131yla yap\u0131yoruz.<\/li>\n<li><strong>Koleksiyon s\u0131n\u0131rland\u0131r\u0131l\u0131yor:\u00a0<\/strong>Ki\u015fisel veri toplamam\u0131z\u0131n yaln\u0131zca web sitesinin ve kulland\u0131\u011f\u0131n\u0131z hizmetlerin d\u00fczg\u00fcn \u00e7al\u0131\u015fmas\u0131 i\u00e7in ger\u00e7ekten gerekli olanlarla s\u0131n\u0131rl\u0131 olmas\u0131n\u0131 sa\u011flamak i\u00e7in b\u00fcy\u00fck \u00f6zen g\u00f6steriyoruz.<\/li>\n<li><strong>Ki\u015fisel verilere dayal\u0131 pazarlama yok:\u00a0<\/strong>Ki\u015fisel verileri pazarlama amac\u0131yla teslim etmiyoruz ve yaln\u0131zca a\u00e7\u0131k izninizle ticari postalar g\u00f6nderiyoruz.<\/li>\n<li><strong>Verileriniz bizde kal\u0131r:\u00a0<\/strong>Ki\u015fisel verilerinizi, kullan\u0131lan hizmeti sa\u011flamak i\u00e7in gerekli olmad\u0131k\u00e7a veya yasalar gere\u011fi bunu yapmam\u0131z gerekmedik\u00e7e di\u011fer taraflara if\u015fa etmeyiz.<\/li>\n<li><strong>G\u00fcvenli:\u00a0<\/strong>Ki\u015fisel verilerinizi korumak i\u00e7in uygun g\u00fcvenlik \u00f6nlemlerini al\u0131yoruz ve bizim ad\u0131m\u0131za ki\u015fisel verileri i\u015fleyen taraflardan da ayn\u0131s\u0131n\u0131 talep ediyoruz.<\/li>\n<li><strong>Yasal haklar\u0131n\u0131za sayg\u0131 duyuyoruz:\u00a0<\/strong>Yasalara g\u00f6re \u00e7e\u015fitli haklara sahipsiniz. Bu gizlilik bildiriminde sizi bunlar hakk\u0131nda bilgilendiriyoruz.<\/li>\n<\/ul>\n<p>Bu gizlilik bildiriminde, bu temel de\u011ferleri nas\u0131l uygulamaya koydu\u011fumuzu ve gizlilik hakk\u0131n\u0131za nas\u0131l sayg\u0131 g\u00f6sterip korudu\u011fumuzu okuyabilirsiniz.<\/p>\n<h2>Ki\u015fisel verilerinizi ne i\u00e7in kullan\u0131yoruz?<\/h2>\n<p>Web sitesi \u00fczerinden taraf\u0131m\u0131zca sunulan hizmetlere ba\u011fl\u0131 olarak, web sitemiz \u00fczerinden b\u0131rakabilece\u011finiz ki\u015fisel veriler a\u015fa\u011f\u0131da s\u0131ralanan ama\u00e7lar do\u011frultusunda kullan\u0131labilecektir.<\/p>\n<ul>\n<li><strong>Hesab\u0131n\u0131z\u0131 ve profilinizi y\u00f6netin:\u00a0<\/strong>Bir hesap olu\u015fturmay\u0131 tercih ederseniz, bunu ger\u00e7ekle\u015ftirmek i\u00e7in sizden baz\u0131 veriler talep ederiz. Bunlar aras\u0131nda e-posta adresiniz, kendi se\u00e7ti\u011finiz \u015fifreniz, ad ve adres bilgileriniz, cinsiyetiniz ve do\u011fum tarihiniz yer almaktad\u0131r. Bu veriler, web sitemizdeki belirli hizmetleri kullanman\u0131z\u0131 sa\u011flar. Bir hesap olu\u015fturdu\u011funuzda, her seferinde bu verileri doldurman\u0131z gerekmez.<\/li>\n<li><strong>Kay\u0131t olun ve randevu al\u0131n:\u00a0<\/strong>Bize kaydolursan\u0131z veya web sitemiz \u00fczerinden randevu al\u0131rsan\u0131z, ilgili formda veya randevu hizmetinde sa\u011flad\u0131\u011f\u0131n\u0131z veriler yaln\u0131zca kayd\u0131n\u0131z\u0131 y\u00f6netmek ve randevu almak i\u00e7in kullan\u0131lacakt\u0131r.<\/li>\n<li><strong>Anamnez veya (tekrar) re\u00e7ete formu:\u00a0<\/strong>Web sitemiz arac\u0131l\u0131\u011f\u0131yla bir anamnez formu doldurursan\u0131z veya bir form arac\u0131l\u0131\u011f\u0131yla (tekrar) ila\u00e7 talep ederseniz, verdi\u011finiz bilgiler bize sa\u011fl\u0131\u011f\u0131n\u0131z, ila\u00e7 kullan\u0131m\u0131n\u0131z, ko\u015fullar\u0131n\u0131z ve alerjileriniz hakk\u0131nda genel bir fikir verir. Bu bilgileri gizli tutuyor ve yaln\u0131zca size uygun bak\u0131m\u0131 sa\u011flamak i\u00e7in kullan\u0131yoruz.<\/li>\n<li><strong>\u0130la\u00e7 veya re\u00e7ete tekrar\u0131 talep edin:\u00a0<\/strong>Ki\u015fisel ortam\u0131n\u0131za giri\u015f yaparak web sitemiz \u00fczerinden ila\u00e7 talebinde bulunursan\u0131z, bizim taraf\u0131m\u0131zdan bilinen \u00e7evrimi\u00e7i ila\u00e7 profilinizi g\u00f6rebileceksiniz. Daha sonra ila\u00e7 sipari\u015f edebilir ve hat\u0131rlat\u0131c\u0131lar\u0131 ayarlayabilirsiniz.<\/li>\n<li><strong>eConsult:\u00a0<\/strong>Bize sorular\u0131n\u0131z i\u00e7in eConsult'\u0131 kullan\u0131rsan\u0131z, sa\u011flad\u0131\u011f\u0131n\u0131z verileri gizli tutaca\u011f\u0131z. Bu hizmeti kullanmak i\u00e7in ki\u015fisel alan\u0131n\u0131za giri\u015f yapmal\u0131s\u0131n\u0131z.<\/li>\n<li><strong>T\u0131bbi kay\u0131tlar\u0131n\u0131z:\u00a0<\/strong>Bize t\u0131bbi veriler sa\u011flaman\u0131z durumunda, bunlar t\u0131bbi kay\u0131tlar\u0131n\u0131za dahil edilebilir. Bunu yaln\u0131zca yasalar\u0131n izin vermesi veya a\u00e7\u0131k r\u0131zan\u0131z\u0131 alm\u0131\u015f olmam\u0131z halinde yapaca\u011f\u0131z.<\/li>\n<li><strong>\u0130leti\u015fim formu:\u00a0<\/strong>Herhangi bir sorunuz varsa, ileti\u015fim formunu doldurarak bizimle her zaman ileti\u015fime ge\u00e7ebilirsiniz. Sorunuzun a\u00e7\u0131klamas\u0131yla birlikte ad\u0131n\u0131z\u0131 ve ileti\u015fim bilgilerinizi girmeniz istenecektir. Bu veriler yaln\u0131zca sorunuzu ele almak ve hizmetlerimizi iyile\u015ftirmek i\u00e7in kullan\u0131l\u0131r.<\/li>\n<li><strong>Web sitesi \u00fczerinden sipari\u015f:\u00a0<\/strong>Sipari\u015f verirken sa\u011flad\u0131\u011f\u0131n\u0131z veriler, sipari\u015fi i\u015fleme koymak i\u00e7in taraf\u0131m\u0131zdan kullan\u0131l\u0131r. Gerekti\u011finde, veriler teslimat hizmeti gibi sipari\u015fin i\u015flenmesinde yer alan di\u011fer taraflara sa\u011flanacakt\u0131r.<\/li>\n<li><strong>B\u00fclten:\u00a0<\/strong>Size bir haber b\u00fclteni g\u00f6ndermemize izin vermeniz halinde, haber b\u00fcltenini size g\u00f6ndermek i\u00e7in e-posta adresinizi ve ad\u0131n\u0131z\u0131 kullanaca\u011f\u0131z. Daha \u00f6nce verdi\u011finiz bir izni istedi\u011finiz zaman, \u00f6rne\u011fin her ticari postan\u0131n alt\u0131nda bulunan abonelikten \u00e7\u0131kma ba\u011flant\u0131s\u0131na t\u0131klayarak geri \u00e7ekebilirsiniz.<\/li>\n<li><strong>Hizmetlerimizi geli\u015ftiriyoruz:\u00a0<\/strong>Verilerinizi hizmetlerimizi geli\u015ftirmek i\u00e7in kullanabiliriz. Ancak, bunu yaln\u0131zca verileri bu ama\u00e7 i\u00e7in sa\u011flaman\u0131z veya bize izin vermeniz durumunda yapaca\u011f\u0131z. \u00d6rne\u011fin, bir \u015fikayet formu arac\u0131l\u0131\u011f\u0131yla bize g\u00f6nderdi\u011finiz geri bildiriminiz veya \u00e7erezlerin kullan\u0131m\u0131 i\u00e7in verdi\u011finiz izin.<\/li>\n<\/ul>\n<p>\u00d6nceden onay vermedi\u011finiz veya yasalar taraf\u0131ndan izin verilmedi\u011fi veya gerekli k\u0131l\u0131nmad\u0131\u011f\u0131 s\u00fcrece ki\u015fisel verilerinizi yukar\u0131dakiler d\u0131\u015f\u0131ndaki ama\u00e7lar i\u00e7in i\u015flemeyece\u011fiz.<\/p>\n<h2>Ki\u015fisel verilerinizi hangi temellere dayanarak i\u015fliyoruz?<\/h2>\n<p>Ki\u015fisel verilerinizi yaln\u0131zca yasal bir temele dayanarak i\u015fliyoruz. Yukar\u0131daki ama\u00e7lar do\u011frultusunda, ki\u015fisel verilerinizi a\u015fa\u011f\u0131daki temellere dayanarak i\u015fliyoruz:<\/p>\n<ul>\n<li><strong>S\u00f6zle\u015fmenin imzalanmas\u0131:\u00a0<\/strong>hizmetlerimizi sa\u011flamaya y\u00f6nelik ama\u00e7lar i\u00e7in, \u00f6rne\u011fin kayd\u0131n\u0131z\u0131 tamamlamak i\u00e7in;<\/li>\n<li><strong>(A\u00e7\u0131k) onay:\u00a0<\/strong>web sitemizin i\u015flevlerine eri\u015fim sa\u011flamak ve bunlar\u0131 kullanmak, \u00e7erez yerle\u015ftirmek, haber b\u00fcltenimizi g\u00f6ndermek veya (a\u00e7\u0131k) onay\u0131n\u0131z\u0131 ald\u0131ktan sonra t\u0131bbi verilerinizi i\u015flemek amac\u0131yla;<\/li>\n<li><strong>Me\u015fru menfaat:\u00a0<\/strong>Belirli durumlarda, ki\u015fisel verilerinizi i\u015flemekte me\u015fru bir menfaatimiz vard\u0131r. \u00d6rne\u011fin, hizmetlerimizi iyile\u015ftirmek i\u00e7in \u00e7erezler kulland\u0131\u011f\u0131m\u0131zda ve ki\u015fisel gizlili\u011finiz \u00fczerinde hi\u00e7bir etkisi olmad\u0131\u011f\u0131nda veya s\u0131n\u0131rl\u0131 etkisi oldu\u011funda durum b\u00f6yledir;<\/li>\n<li><strong>Yasal zorunluluk:\u00a0<\/strong>T\u0131bbi verilerinizi i\u015flemeyi ve t\u0131bbi kay\u0131tlar\u0131n\u0131z\u0131 tutmay\u0131 ama\u00e7layan ama\u00e7lar i\u00e7in yasal bir dayana\u011f\u0131m\u0131z olabilir. Ayr\u0131ca, yasalar gere\u011fi web ma\u011fazam\u0131zda verdi\u011finiz sipari\u015ften belirli verileri saklamam\u0131z gerekmektedir.<\/li>\n<\/ul>\n<h2>Hangi ki\u015fisel verilere ihtiyac\u0131m\u0131z var?<\/h2>\n<p>Web sitesini ve web sitesinde bulunan hizmetleri kullanarak, belirli verileri bize b\u0131rak\u0131rs\u0131n\u0131z. Yaln\u0131zca do\u011frudan sizin taraf\u0131n\u0131zdan sa\u011flanan veya sa\u011fland\u0131\u011f\u0131nda i\u015flenmek \u00fczere bize sa\u011fland\u0131\u011f\u0131 a\u00e7\u0131k olan ki\u015fisel verileri saklar ve kullan\u0131r\u0131z. Kulland\u0131\u011f\u0131n\u0131z hizmete ba\u011fl\u0131 olarak, web sitesi arac\u0131l\u0131\u011f\u0131yla a\u015fa\u011f\u0131daki verileri toplayabiliriz:<\/p>\n<ul>\n<li>\u0130leti\u015fim bilgileriniz (e-posta adresi, telefon numaras\u0131);<\/li>\n<li>Ad\u0131n\u0131z, adresiniz ve ikamet etti\u011finiz yer;<\/li>\n<li>Hesap detaylar\u0131;<\/li>\n<li>Sigorta bilgileri (sigortac\u0131 ad\u0131, poli\u00e7e numaras\u0131, sigorta ba\u015flang\u0131\u00e7 tarihi);<\/li>\n<li>Sa\u011fl\u0131k hizmeti sa\u011flay\u0131c\u0131n\u0131z\u0131n veya eczanenizin ad\u0131;<\/li>\n<li>Randevu saatiniz;<\/li>\n<li>\u00d6deme bilgileri ve fatura adresi;<\/li>\n<li>Sa\u011fl\u0131\u011f\u0131n\u0131zla ilgili veriler;<\/li>\n<li>Vatanda\u015f hizmet numaras\u0131 (BSN);<\/li>\n<li>T\u0131klay\u0131n ve davran\u0131\u015flar\u0131 ziyaret edin;<\/li>\n<li>Cihaz verileri \/ (takma isimli) IP adresi.<\/li>\n<\/ul>\n<h2>16 ya\u015f\u0131ndan k\u00fc\u00e7\u00fck ki\u015filerin verileri<\/h2>\n<p>Web sitemiz ve\/veya hizmetimiz 16 ya\u015f\u0131ndan k\u00fc\u00e7\u00fck web sitesi ziyaret\u00e7ileri hakk\u0131nda veri toplama niyetinde de\u011fildir. Ancak, bir ziyaret\u00e7inin 16 ya\u015f\u0131ndan b\u00fcy\u00fck olup olmad\u0131\u011f\u0131n\u0131 do\u011frulayamay\u0131z. Bu nedenle, ebeveyn izni olmadan \u00e7ocuklar hakk\u0131nda veri toplanmas\u0131n\u0131 \u00f6nlemek i\u00e7in ebeveynlere \u00e7ocuklar\u0131n\u0131n \u00e7evrimi\u00e7i etkinliklerine dahil olmalar\u0131n\u0131 tavsiye ederiz. Re\u015fit olmayan bir ki\u015fi hakk\u0131nda b\u00f6yle bir izin olmadan ki\u015fisel veri toplad\u0131\u011f\u0131m\u0131za inan\u0131yorsan\u0131z, l\u00fctfen bizimle ileti\u015fime ge\u00e7in.<\/p>\n<h2>\u00dc\u00e7\u00fcnc\u00fc taraflara a\u00e7\u0131klama<\/h2>\n<p>Verileriniz, sizinle aram\u0131zdaki s\u00f6zle\u015fmenin ifas\u0131yla do\u011frudan ilgili olanlar d\u0131\u015f\u0131nda veya herhangi bir yasal h\u00fck\u00fcm bunu yapmam\u0131z\u0131 gerektirmedik\u00e7e \u00fc\u00e7\u00fcnc\u00fc taraflara a\u00e7\u0131k\u00e7a if\u015fa edilmez. Talep etti\u011finiz hizmetlerin yerine getirilmesi i\u00e7in ihtiya\u00e7 duyabilece\u011fimiz taraflar \u015funlard\u0131r:<\/p>\n<ul>\n<li>Ev sahipli\u011fi partileri ve yaz\u0131l\u0131m tedarik\u00e7ilerimiz;<\/li>\n<li>\u00d6deme hizmeti sa\u011flay\u0131c\u0131lar\u0131 ve teslimat hizmetleri;<\/li>\n<li>Sa\u011fl\u0131k sigortac\u0131n\u0131z.<\/li>\n<\/ul>\n<h2>G\u00fcvenlik<\/h2>\n<p>Verilerinizin korunmas\u0131n\u0131 ciddiye al\u0131yor ve k\u00f6t\u00fcye kullan\u0131m, kay\u0131p, yetkisiz eri\u015fim, istenmeyen if\u015fa ve yetkisiz de\u011fi\u015fikliklere kar\u015f\u0131 uygun \u00f6nlemleri al\u0131yoruz. Verilerinizin uygun \u015fekilde g\u00fcvence alt\u0131na al\u0131nmad\u0131\u011f\u0131 izlenimine kap\u0131l\u0131rsan\u0131z veya k\u00f6t\u00fcye kullan\u0131m belirtileri varsa, l\u00fctfen bizimle ileti\u015fime ge\u00e7in.<\/p>\n<h2>Saklama s\u00fcresi<\/h2>\n<p>Ki\u015fisel verileriniz, herhangi bir yasal y\u00fck\u00fcml\u00fcl\u00fc\u011f\u00fcn ki\u015fisel verilerin kald\u0131r\u0131lmas\u0131n\u0131 engelledi\u011fi durumlar d\u0131\u015f\u0131nda, bu gizlilik bildiriminde veya web sitesinde a\u00e7\u0131klanan ama\u00e7lar i\u00e7in asla gerekenden daha uzun s\u00fcre saklanmayacakt\u0131r.<\/p>\n<h2>\u00dc\u00e7\u00fcnc\u00fc taraf web siteleri<\/h2>\n<p>Bu gizlilik bildirimi, bu web sitesine ba\u011flant\u0131lar yoluyla ba\u011flanan \u00fc\u00e7\u00fcnc\u00fc taraf web siteleri i\u00e7in ge\u00e7erli de\u011fildir. Bu \u00fc\u00e7\u00fcnc\u00fc taraflar\u0131n ki\u015fisel verilerinizi g\u00fcvenilir veya g\u00fcvenli bir \u015fekilde ele alaca\u011f\u0131n\u0131 garanti edemeyiz. Bu nedenle, bu web sitelerini kullanmadan \u00f6nce gizlilik bildirimlerini okuman\u0131z\u0131 tavsiye ederiz.<\/p>\n<h2>\u00c7erezler<\/h2>\n<p>Bu web sitesinde \u00e7erezler kullan\u0131yoruz. \u00c7erez, bu web sitesini ilk kez ziyaret etti\u011finizde bilgisayar\u0131n\u0131z\u0131n, tabletinizin veya ak\u0131ll\u0131 telefonunuzun taray\u0131c\u0131s\u0131nda depolanan k\u00fc\u00e7\u00fck bir metin dosyas\u0131d\u0131r. Web sitesinin d\u00fczg\u00fcn \u00e7al\u0131\u015fmas\u0131n\u0131 ve \u00f6rne\u011fin tercihlerinizin hat\u0131rlanmas\u0131n\u0131 sa\u011flarlar.<\/p>\n<p>Bu \u00e7erezler ayr\u0131ca web sitesinin d\u00fczg\u00fcn \u00e7al\u0131\u015fmas\u0131n\u0131 sa\u011flamak ve optimize etmek i\u00e7in kullan\u0131l\u0131r. Web sitemizi ilk ziyaretinizde, sizi bu \u00e7erezler hakk\u0131nda bilgilendirdik ve bunlar\u0131 yerle\u015ftirmek i\u00e7in izninizi istedik. \u0130nternet taray\u0131c\u0131n\u0131z\u0131 \u00e7erezleri saklamay\u0131 durduracak \u015fekilde ayarlayarak \u00e7erezleri devre d\u0131\u015f\u0131 b\u0131rakabilirsiniz. Ayr\u0131ca, taray\u0131c\u0131 ayarlar\u0131n\u0131z arac\u0131l\u0131\u011f\u0131yla daha \u00f6nce saklanan t\u00fcm bilgileri de silebilirsiniz.<\/p>\n<h3>Kal\u0131c\u0131 \u00e7erezlerin kullan\u0131m\u0131<\/h3>\n<p>Kal\u0131c\u0131 \u00e7erezler, web sitemizi tekrar ziyaret etti\u011finizde sizi tan\u0131mam\u0131z\u0131 sa\u011flar. Bu, web sitesinin \u00f6zellikle tercihlerinize g\u00f6re ayarlanmas\u0131n\u0131 sa\u011flar. \u00c7erezlerin yerle\u015ftirilmesine izin vermi\u015f olsan\u0131z bile, bunu bir \u00e7erez arac\u0131l\u0131\u011f\u0131yla hat\u0131rlayabiliriz. Bu, her ziyaretinizde tercihlerinizi tekrarlamak zorunda kalman\u0131z\u0131 \u00f6nler, b\u00f6ylece size zaman kazand\u0131r\u0131r ve web sitemizi daha kullan\u0131c\u0131 dostu hale getirir. Kal\u0131c\u0131 \u00e7erezleri taray\u0131c\u0131 ayarlar\u0131n\u0131zdan silebilirsiniz.<\/p>\n<h3>Oturum \u00e7erezlerinin kullan\u0131m\u0131<\/h3>\n<p>Oturum \u00e7erezleri, bu ziyaretle web sitesinin hangi b\u00f6l\u00fcmlerini g\u00f6r\u00fcnt\u00fcledi\u011finizi g\u00f6rmemizi sa\u011flar. Bu, hizmetimizi ziyaret\u00e7ilerimizin tarama davran\u0131\u015flar\u0131na m\u00fcmk\u00fcn oldu\u011funca uyarlamam\u0131z\u0131 sa\u011flar. Bu \u00e7erezler, web taray\u0131c\u0131n\u0131z\u0131 kapatt\u0131\u011f\u0131n\u0131z anda otomatik olarak silinir.<\/p>\n<h3>Analitik \u00e7erezlerin kullan\u0131m\u0131<\/h3>\n<p>Web sitemizde istatistik tutuyoruz, ancak bu her zaman ya tamamen anonimle\u015ftirilmi\u015f ya da takma isimle yap\u0131lm\u0131\u015ft\u0131r. Web sitesinin sa\u011fl\u0131k verilerinizin payla\u015f\u0131ld\u0131\u011f\u0131 b\u00f6l\u00fcmlerinde istatistik tutulmamaktad\u0131r. \u0130statistik tutmak i\u00e7in a\u015fa\u011f\u0131da listelenen uygulamalar\u0131 kullanabiliriz.<\/p>\n<h4>Google Analytics<\/h4>\n<p>Google Analytics arac\u0131n\u0131 etkinle\u015ftirdi\u011fimiz durumlarda, Analytics hizmetinin bir par\u00e7as\u0131 olarak web sitemize ABD \u015firketi Google'dan \u00e7erezler yerle\u015ftirilir. Bu hizmeti, ziyaret\u00e7ilerin web sitesini nas\u0131l kulland\u0131\u011f\u0131n\u0131 izlemek ve rapor almak i\u00e7in kullan\u0131yoruz. Bu ara\u00e7 gizlilik dostu olacak \u015fekilde ayarlanm\u0131\u015ft\u0131r. \u00d6rne\u011fin, Google'\u0131n elde etti\u011fi Analytics bilgilerini di\u011fer Google hizmetleri i\u00e7in kullanmas\u0131na izin vermedik, IP adreslerini takma adla kaydettik ve Google ile bir i\u015fleme s\u00f6zle\u015fmesi imzalad\u0131k.<\/p>\n<p>Google taraf\u0131ndan toplanan bilgiler Amerika Birle\u015fik Devletleri'ndeki sunuculara aktar\u0131l\u0131r ve burada saklan\u0131r. Google, Gizlilik Kalkan\u0131 ilkelerine ba\u011fl\u0131 oldu\u011funu ve ABD Ticaret Bakanl\u0131\u011f\u0131'n\u0131n Gizlilik Kalkan\u0131 program\u0131n\u0131n bir \u00fcyesi oldu\u011funu belirtmektedir. Bu, herhangi bir ki\u015fisel verinin i\u015flenmesi i\u00e7in yeterli d\u00fczeyde koruma anlam\u0131na gelir.<\/p>\n<h4>Matomo Analytics (Piwik)<\/h4>\n<p>Matomo Analytics arac\u0131n\u0131 etkinle\u015ftirmemiz durumunda, ziyaret\u00e7i istatistiklerini izlemek i\u00e7in (birinci taraf) \u00e7erezler ayarlan\u0131r. Ziyaret\u00e7ilerin web sitemizi nas\u0131l kulland\u0131\u011f\u0131n\u0131 (bir sayfada ne kadar kald\u0131\u011f\u0131n\u0131z\u0131, buraya hangi sayfadan geldi\u011finizi ve benzersiz ziyaret\u00e7i say\u0131s\u0131n\u0131 saymam\u0131z\u0131) haritalamam\u0131z\u0131 sa\u011flar. T\u00fcm veriler sunucumuzda kal\u0131r ve asla ba\u015fka taraflarla payla\u015f\u0131lmaz.<\/p>\n<h2>Bu gizlilik ve \u00e7erez bildirimindeki de\u011fi\u015fiklikler<\/h2>\n<p>Bu beyanda de\u011fi\u015fiklik yapma hakk\u0131m\u0131z sakl\u0131d\u0131r. Bu de\u011fi\u015fikliklerden haberdar olman\u0131z i\u00e7in bu beyana d\u00fczenli olarak ba\u015fvurman\u0131z \u00f6nerilir.<\/p>\n<h2>Verilerinizin incelenmesi, de\u011fi\u015ftirilmesi ve silinmesi<\/h2>\n<p>Ki\u015fisel verilerinizi g\u00f6r\u00fcnt\u00fcleme, d\u00fczeltme veya silme hakk\u0131na sahipsiniz. Buna ek olarak, veri i\u015flemeye y\u00f6nelik olas\u0131 onay\u0131n\u0131z\u0131 geri \u00e7ekme veya ki\u015fisel verilerinizin Schalkwijk Health Centre - Haarlem taraf\u0131ndan i\u015flenmesine itiraz etme ve veri ta\u015f\u0131nabilirli\u011fi hakk\u0131na sahipsiniz. Bu, hakk\u0131n\u0131zda bir bilgisayar dosyas\u0131nda tuttu\u011fumuz ki\u015fisel verileri size veya sizin belirledi\u011finiz ba\u015fka bir kurulu\u015fa g\u00f6ndermemiz i\u00e7in bize bir talepte bulunabilece\u011finiz anlam\u0131na gelir. Ki\u015fisel verilerinizin incelenmesi, d\u00fczeltilmesi, silinmesi, veri aktar\u0131m\u0131 veya izninizi geri \u00e7ekme veya ki\u015fisel verilerinizin i\u015flenmesine itiraz etme talebinizi a\u015fa\u011f\u0131daki ileti\u015fim bilgilerine g\u00f6nderebilirsiniz. Talebinize m\u00fcmk\u00fcn olan en k\u0131sa s\u00fcrede yan\u0131t verece\u011fiz. Yanl\u0131\u015f ki\u015fiye ait verileri de\u011fi\u015ftirmedi\u011fimizden veya silmedi\u011fimizden emin olabilmemiz i\u00e7in l\u00fctfen kim oldu\u011funuzu a\u00e7\u0131k\u00e7a belirtti\u011finizden emin olun.<\/p>\n<h2>Ki\u015fisel Veri Kurumu<\/h2>\n<p>Gezondheidscentrum Schalkwijk - Haarlem, bulundu\u011funuz \u00fclkedeki denetim makam\u0131na \u015fikayette bulunma olana\u011f\u0131n\u0131z oldu\u011funu da size bildirmek ister. Hollanda'da, d\u00fczenleyici kurum Ki\u015fisel Veri Kurumu olarak adland\u0131r\u0131l\u0131r.<\/p>\n<h2>Sorular ve geri bildirim<\/h2>\n<p>Bu gizlilik politikas\u0131na uygunlu\u011fumuzu d\u00fczenli olarak kontrol ediyoruz. Bu gizlilik politikas\u0131 hakk\u0131nda herhangi bir sorunuz varsa, l\u00fctfen a\u015fa\u011f\u0131daki ileti\u015fim bilgilerini kullanarak bizimle ileti\u015fime ge\u00e7in.<\/p>\n\t\t\t\t\t\t\t\t<\/div>\n\t\t\t\t<\/div>\n\t\t\t\t\t<\/div>\n\t\t\t\t<\/div>\n\t\t\t\t<\/div>","protected":false},"excerpt":{"rendered":"<p>Privacy- en cookieverklaring Websites Bij , hechten wij groot belang aan de privacy van de gebruikers van de website. Om uw privacy zo goed mogelijk te waarborgen, hanteren wij een aantal kernwaarden. Informeren:\u00a0Wij willen u zo goed mogelijk informeren hoe en waarom wij persoonsgegevens verwerken. Dat doen wij via deze privacyverklaring. Verzameling beperken:\u00a0Wij letten er [&hellip;]<\/p>\n","protected":false},"author":2,"featured_media":0,"parent":0,"menu_order":0,"comment_status":"closed","ping_status":"closed","template":"elementor_header_footer","meta":{"_jf_save_progress":"","footnotes":""},"class_list":["post-3","page","type-page","status-publish","hentry"],"_links":{"self":[{"href":"https:\/\/huisartsen.gcschalkwijk.nl\/tr\/wp-json\/wp\/v2\/pages\/3","targetHints":{"allow":["GET"]}}],"collection":[{"href":"https:\/\/huisartsen.gcschalkwijk.nl\/tr\/wp-json\/wp\/v2\/pages"}],"about":[{"href":"https:\/\/huisartsen.gcschalkwijk.nl\/tr\/wp-json\/wp\/v2\/types\/page"}],"author":[{"embeddable":true,"href":"https:\/\/huisartsen.gcschalkwijk.nl\/tr\/wp-json\/wp\/v2\/users\/2"}],"replies":[{"embeddable":true,"href":"https:\/\/huisartsen.gcschalkwijk.nl\/tr\/wp-json\/wp\/v2\/comments?post=3"}],"version-history":[{"count":5,"href":"https:\/\/huisartsen.gcschalkwijk.nl\/tr\/wp-json\/wp\/v2\/pages\/3\/revisions"}],"predecessor-version":[{"id":1611,"href":"https:\/\/huisartsen.gcschalkwijk.nl\/tr\/wp-json\/wp\/v2\/pages\/3\/revisions\/1611"}],"wp:attachment":[{"href":"https:\/\/huisartsen.gcschalkwijk.nl\/tr\/wp-json\/wp\/v2\/media?parent=3"}],"curies":[{"name":"wp","href":"https:\/\/api.w.org\/{rel}","templated":true}]}}