{"id":3,"date":"2022-02-16T12:34:04","date_gmt":"2022-02-16T11:34:04","guid":{"rendered":"https:\/\/elementor.043basis.nl\/?page_id=3"},"modified":"2023-03-13T09:03:49","modified_gmt":"2023-03-13T08:03:49","slug":"declaracion-de-privacidad","status":"publish","type":"page","link":"https:\/\/huisartsen.gcschalkwijk.nl\/es\/privacy-verklaring\/","title":{"rendered":"Declaraci\u00f3n de confidencialidad"},"content":{"rendered":"<style>.elementor-3 .elementor-element.elementor-element-464a07f{--display:flex;--flex-direction:row;--container-widget-width:calc( ( 1 - var( --container-widget-flex-grow ) ) * 100% );--container-widget-height:100%;--container-widget-flex-grow:1;--container-widget-align-self:stretch;--flex-wrap-mobile:wrap;--align-items:stretch;--gap:10px 10px;--row-gap:10px;--column-gap:10px;}<\/style>\t\t<div data-elementor-type=\"wp-page\" data-elementor-id=\"3\" class=\"elementor elementor-3\" data-elementor-post-type=\"page\">\n\t\t\t\t<div class=\"elementor-element elementor-element-464a07f e-flex e-con-boxed e-con e-parent\" data-id=\"464a07f\" data-element_type=\"container\" data-e-type=\"container\" data-settings=\"{&quot;jet_parallax_layout_list&quot;:[]}\">\n\t\t\t\t\t<div class=\"e-con-inner\">\n\t\t\t\t<div class=\"elementor-element elementor-element-8a91cf0 elementor-widget elementor-widget-text-editor\" data-id=\"8a91cf0\" data-element_type=\"widget\" data-e-type=\"widget\" data-widget_type=\"text-editor.default\">\n\t\t\t\t<div class=\"elementor-widget-container\">\n\t\t\t\t\t\t\t\t\t\n<h2 class=\"wp-block-heading\">Declaraci\u00f3n de privacidad y cookies Sitios web<\/h2>\n<p>En el Centro de Salud Schalkwijk - Haarlem, concedemos gran importancia a la privacidad de los usuarios del sitio web. Para garantizar su privacidad de la mejor manera posible, nos adherimos a una serie de valores fundamentales.<\/p>\n<ul>\n<li><strong>Informar:\u00a0<\/strong>Queremos informarle lo mejor posible sobre c\u00f3mo y por qu\u00e9 tratamos los datos personales. Lo hacemos a trav\u00e9s de esta declaraci\u00f3n de privacidad.<\/li>\n<li><strong>Limitaci\u00f3n de la recogida:\u00a0<\/strong>Ponemos especial cuidado en limitar nuestra recopilaci\u00f3n de datos personales a lo realmente necesario para el correcto funcionamiento del sitio web y de los servicios que usted utiliza.<\/li>\n<li><strong>No a la comercializaci\u00f3n basada en datos personales:\u00a0<\/strong>No cedemos datos personales con fines de marketing y s\u00f3lo enviamos correos comerciales con su consentimiento expl\u00edcito.<\/li>\n<li><strong>Sus datos permanecen con nosotros:\u00a0<\/strong>No revelamos sus datos personales a terceros a menos que sea necesario para prestar el servicio utilizado o cuando la ley nos obligue a hacerlo.<\/li>\n<li><strong>Seguro:\u00a0<\/strong>Tomamos las medidas de seguridad adecuadas para proteger sus datos personales y exigimos lo mismo a las partes que procesan datos personales en nuestro nombre.<\/li>\n<li><strong>Respetamos sus derechos legales:\u00a0<\/strong>Seg\u00fan la ley, usted tiene varios derechos. En esta declaraci\u00f3n de privacidad, le informamos sobre ellos.<\/li>\n<\/ul>\n<p>En esta declaraci\u00f3n de privacidad puede leer c\u00f3mo ponemos en pr\u00e1ctica estos valores fundamentales y c\u00f3mo respetamos y protegemos su derecho a la privacidad.<\/p>\n<h2>\u00bfPara qu\u00e9 utilizamos sus datos personales?<\/h2>\n<p>En funci\u00f3n de los servicios que ofrezcamos a trav\u00e9s del sitio web, los datos personales que nos deje a trav\u00e9s de nuestro sitio web podr\u00e1n utilizarse para los fines que se indican a continuaci\u00f3n.<\/p>\n<ul>\n<li><strong>Gestione su cuenta y su perfil:\u00a0<\/strong>Si decide crear una cuenta, le pediremos algunos datos para hacerlo. Entre ellos figuran su direcci\u00f3n de correo electr\u00f3nico, su contrase\u00f1a, su nombre y direcci\u00f3n, su sexo y su fecha de nacimiento. Estos datos le permiten utilizar determinados servicios de nuestro sitio web. Al crear una cuenta, no tiene que rellenar los datos cada vez.<\/li>\n<li><strong>Reg\u00edstrese y concierte una cita:\u00a0<\/strong>Si se registra con nosotros o reserva una cita a trav\u00e9s de nuestro sitio web, los datos que nos proporcione en el formulario correspondiente o en el servicio de citas s\u00f3lo se utilizar\u00e1n para gestionar su registro y reservar una cita.<\/li>\n<li><strong>Anamnesis o formulario de prescripci\u00f3n (repetici\u00f3n):\u00a0<\/strong>Si rellena un formulario de anamnesis a trav\u00e9s de nuestro sitio web o solicita medicaci\u00f3n (de repetici\u00f3n) a trav\u00e9s de un formulario, la informaci\u00f3n que nos proporciona nos da una idea general de su salud, uso de medicamentos, afecciones y alergias. Tratamos esta informaci\u00f3n de forma confidencial y s\u00f3lo la utilizamos para proporcionarle la atenci\u00f3n adecuada.<\/li>\n<li><strong>Solicitar medicaci\u00f3n o repetici\u00f3n de receta:\u00a0<\/strong>Si solicita la medicaci\u00f3n a trav\u00e9s de nuestro sitio web iniciando sesi\u00f3n en su entorno personal, podr\u00e1 ver su perfil de medicaci\u00f3n en l\u00ednea tal y como lo conocemos. A continuaci\u00f3n, podr\u00e1 solicitar medicaci\u00f3n y establecer recordatorios.<\/li>\n<li><strong>eConsult:\u00a0<\/strong>Si utiliza el servicio eConsult para plantearnos sus preguntas, trataremos confidencialmente los datos que nos facilite. Para utilizar este servicio, debe iniciar sesi\u00f3n en su \u00e1rea personal.<\/li>\n<li><strong>Su historial m\u00e9dico:\u00a0<\/strong>En caso de que nos facilite datos m\u00e9dicos, \u00e9stos podr\u00e1n incluirse en su historial m\u00e9dico. S\u00f3lo lo haremos si lo permite la ley o si hemos obtenido su consentimiento expl\u00edcito.<\/li>\n<li><strong>Formulario de contacto:\u00a0<\/strong>Si tiene alguna duda, siempre puede ponerse en contacto con nosotros rellenando el formulario de contacto. Se le pedir\u00e1 que introduzca su nombre y datos de contacto junto con una descripci\u00f3n de su consulta. Estos datos se utilizan exclusivamente para gestionar su consulta y mejorar nuestros servicios.<\/li>\n<li><strong>Pedidos a trav\u00e9s del sitio web:\u00a0<\/strong>Los datos que nos proporciona al realizar un pedido los utilizamos para tramitarlo. En caso necesario, los datos se facilitar\u00e1n a otras partes implicadas en la tramitaci\u00f3n del pedido, como el servicio de entrega.<\/li>\n<li><strong>Bolet\u00edn informativo:\u00a0<\/strong>Si nos da permiso para enviarle un bolet\u00edn, utilizaremos su direcci\u00f3n de correo electr\u00f3nico y su nombre para envi\u00e1rselo. Puede retirar en cualquier momento un consentimiento previamente dado, por ejemplo haciendo clic en el enlace para darse de baja incluido al final de cada env\u00edo comercial.<\/li>\n<li><strong>Mejorar nuestros servicios:\u00a0<\/strong>Podemos utilizar sus datos para mejorar nuestros servicios. Sin embargo, s\u00f3lo lo haremos si usted nos ha proporcionado los datos para ese fin, o nos ha dado permiso para hacerlo. Por ejemplo, sus comentarios enviados a trav\u00e9s de un formulario de reclamaci\u00f3n o el consentimiento que nos ha dado para el uso de cookies.<\/li>\n<\/ul>\n<p>No trataremos sus datos personales para fines distintos de los anteriores, a menos que nos haya dado su consentimiento previo o que la ley nos lo permita o exija.<\/p>\n<h2>\u00bfEn qu\u00e9 nos basamos para tratar sus datos personales?<\/h2>\n<p>Tratamos sus datos personales \u00fanicamente sobre una base legal. A los efectos anteriores, tratamos sus datos personales sobre la base de los siguientes fundamentos:<\/p>\n<ul>\n<li><strong>Ejecuci\u00f3n del acuerdo:\u00a0<\/strong>para los fines destinados a la prestaci\u00f3n de nuestros servicios, por ejemplo, para completar su registro;<\/li>\n<li><strong>Consentimiento (expreso):\u00a0<\/strong>para facilitar el acceso y el uso de las funciones de nuestro sitio web, colocar cookies, enviar nuestro bolet\u00edn informativo o procesar sus datos m\u00e9dicos despu\u00e9s de haber obtenido su consentimiento (expl\u00edcito) para hacerlo;<\/li>\n<li><strong>Inter\u00e9s leg\u00edtimo:\u00a0<\/strong>en determinados casos, tenemos un inter\u00e9s leg\u00edtimo en el tratamiento de sus datos personales. Este es el caso, por ejemplo, cuando utilizamos cookies para mejorar nuestros servicios y que tienen un impacto nulo o limitado en su privacidad personal;<\/li>\n<li><strong>Obligaci\u00f3n legal:\u00a0<\/strong>Para el tratamiento de sus datos m\u00e9dicos y la conservaci\u00f3n de su historial m\u00e9dico, podemos tener una base jur\u00eddica. Adem\u00e1s, estamos obligados por ley a conservar determinados datos del pedido que ha realizado en nuestra tienda web.<\/li>\n<\/ul>\n<h2>\u00bfQu\u00e9 datos personales necesitamos?<\/h2>\n<p>Al utilizar el sitio web y los servicios disponibles en \u00e9l, usted nos deja determinados datos. S\u00f3lo almacenamos y utilizamos los datos personales que usted nos proporciona directamente o que, al proporcionarlos, queda claro que nos los proporciona para su tratamiento. Dependiendo del servicio que utilice, podemos recopilar los siguientes datos a trav\u00e9s del sitio web:<\/p>\n<ul>\n<li>Sus datos de contacto (direcci\u00f3n de correo electr\u00f3nico, n\u00famero de tel\u00e9fono);<\/li>\n<li>Su nombre, direcci\u00f3n y lugar de residencia;<\/li>\n<li>Datos de la cuenta;<\/li>\n<li>Datos del seguro (nombre de la aseguradora, n\u00famero de p\u00f3liza, fecha de inicio del seguro);<\/li>\n<li>El nombre de sus profesionales sanitarios o de su farmacia;<\/li>\n<li>Hora de su cita;<\/li>\n<li>Datos de pago y direcci\u00f3n de facturaci\u00f3n;<\/li>\n<li>Datos relativos a su salud;<\/li>\n<li>N\u00famero de atenci\u00f3n al ciudadano (BSN);<\/li>\n<li>Haga clic y visite el comportamiento;<\/li>\n<li>Datos del dispositivo \/ direcci\u00f3n IP (seudonimizada).<\/li>\n<\/ul>\n<h2>Datos de menores de 16 a\u00f1os<\/h2>\n<p>Nuestro sitio web y\/o servicio no pretende recopilar datos sobre visitantes del sitio web menores de 16 a\u00f1os. Sin embargo, no podemos verificar si un visitante es mayor de 16 a\u00f1os. Por lo tanto, aconsejamos a los padres que se impliquen en las actividades en l\u00ednea de sus hijos para evitar la recogida de datos sobre menores sin el consentimiento paterno. Si est\u00e1 convencido de que hemos recopilado datos personales de un menor sin dicho consentimiento, p\u00f3ngase en contacto con nosotros.<\/p>\n<h2>Divulgaci\u00f3n a terceros<\/h2>\n<p>Sus datos no se comunican expresamente a terceros distintos de los directamente implicados en la ejecuci\u00f3n del acuerdo entre usted y nosotros, o salvo que alguna disposici\u00f3n legal nos obligue a ello. Las partes que podemos necesitar para la ejecuci\u00f3n de los servicios que usted ha solicitado son:<\/p>\n<ul>\n<li>Los anfitriones y nuestros proveedores de software;<\/li>\n<li>Proveedores de servicios de pago y servicios de entrega;<\/li>\n<li>Su aseguradora sanitaria.<\/li>\n<\/ul>\n<h2>Seguridad<\/h2>\n<p>Nos tomamos muy en serio la protecci\u00f3n de sus datos y adoptamos las medidas adecuadas para contrarrestar el abuso, la p\u00e9rdida, el acceso no autorizado, la divulgaci\u00f3n no deseada y la modificaci\u00f3n no autorizada. Si tiene la impresi\u00f3n de que sus datos no est\u00e1n debidamente protegidos o hay indicios de uso indebido, p\u00f3ngase en contacto con nosotros.<\/p>\n<h2>Per\u00edodo de conservaci\u00f3n<\/h2>\n<p>Sus datos personales nunca se conservar\u00e1n m\u00e1s tiempo del necesario para los fines descritos en esta declaraci\u00f3n de privacidad o en el sitio web, salvo en los casos en que alguna obligaci\u00f3n legal impida la eliminaci\u00f3n de los datos personales.<\/p>\n<h2>Sitios web de terceros<\/h2>\n<p>Esta declaraci\u00f3n de privacidad no se aplica a los sitios web de terceros vinculados a este sitio web a trav\u00e9s de enlaces. No podemos garantizar que estos terceros traten sus datos personales de forma fiable o segura. Por lo tanto, le recomendamos que lea la declaraci\u00f3n de privacidad de estos sitios web antes de utilizarlos.<\/p>\n<h2>Cookies<\/h2>\n<p>En este sitio web utilizamos cookies. Una cookie es un peque\u00f1o archivo de texto que se almacena en el navegador de su ordenador, tableta o smartphone la primera vez que visita este sitio web. Garantizan que el sitio web funcione correctamente y que, por ejemplo, se recuerden sus preferencias.<\/p>\n<p>Estas cookies tambi\u00e9n se utilizan para que el sitio web funcione correctamente y para optimizarlo. En su primera visita a nuestro sitio web, ya le hemos informado sobre estas cookies y le hemos pedido permiso para colocarlas. Puede rechazar las cookies configurando su navegador de Internet para que deje de almacenarlas. Adem\u00e1s, tambi\u00e9n puede eliminar cualquier informaci\u00f3n almacenada previamente a trav\u00e9s de la configuraci\u00f3n de su navegador.<\/p>\n<h3>Uso de cookies permanentes<\/h3>\n<p>Las cookies permanentes nos permiten reconocerle cuando vuelve a visitar nuestro sitio web. Esto permite que el sitio web se adapte espec\u00edficamente a sus preferencias. Incluso si ha dado permiso para que se coloquen cookies, podemos recordarlo mediante una cookie. Esto evita que tenga que repetir sus preferencias cada vez que nos visite, ahorr\u00e1ndole tiempo y facilitando el uso de nuestro sitio web. Puede eliminar las cookies permanentes a trav\u00e9s de la configuraci\u00f3n de su navegador.<\/p>\n<h3>Uso de cookies de sesi\u00f3n<\/h3>\n<p>Las cookies de sesi\u00f3n nos permiten ver qu\u00e9 partes del sitio web ha consultado con esta visita. Esto nos permite adaptar nuestro servicio en la medida de lo posible al comportamiento de navegaci\u00f3n de nuestros visitantes. Estas cookies se borran autom\u00e1ticamente en cuanto usted cierra su navegador.<\/p>\n<h3>Uso de cookies anal\u00edticas<\/h3>\n<p>Mantenemos estad\u00edsticas en nuestro sitio web, pero siempre de forma totalmente an\u00f3nima o seud\u00f3nima. No se conservan estad\u00edsticas en las partes del sitio web en las que se intercambian sus datos sanitarios. Podemos utilizar las aplicaciones que se indican a continuaci\u00f3n para conservar estad\u00edsticas.<\/p>\n<h4>Google Analytics<\/h4>\n<p>Cuando hemos activado la herramienta Google Analytics, se colocan cookies de la empresa estadounidense Google a trav\u00e9s de nuestro sitio web como parte del servicio Analytics. Utilizamos este servicio para rastrear y obtener informes sobre c\u00f3mo los visitantes utilizan el sitio web. Esta herramienta est\u00e1 configurada para respetar la privacidad. Por ejemplo, no hemos permitido que Google utilice la informaci\u00f3n de Analytics obtenida para otros servicios de Google, hemos seudonimizado las direcciones IP y hemos celebrado un acuerdo de procesamiento con Google.<\/p>\n<p>La informaci\u00f3n recopilada por Google se transfiere y almacena en servidores de Estados Unidos. Google declara que se adhiere a los principios del Escudo de Privacidad y es miembro del programa Escudo de Privacidad del Departamento de Comercio de Estados Unidos. Esto implica un nivel de protecci\u00f3n adecuado para el tratamiento de cualquier dato personal.<\/p>\n<h4>Matomo Analytics (Piwik)<\/h4>\n<p>En caso de que hayamos activado la herramienta Matomo Analytics, se instalan cookies (de origen) para realizar un seguimiento de las estad\u00edsticas de los visitantes. Esto nos permite saber c\u00f3mo utilizan los visitantes nuestro sitio web (cu\u00e1nto tiempo permanecen en una p\u00e1gina, desde qu\u00e9 p\u00e1gina han llegado aqu\u00ed y contar el n\u00famero de visitantes \u00fanicos). Todos los datos permanecen en nuestro servidor y nunca se comparten con terceros.<\/p>\n<h2>Cambios en esta declaraci\u00f3n de privacidad y cookies<\/h2>\n<p>Nos reservamos el derecho a modificar esta declaraci\u00f3n. Le recomendamos que consulte esta declaraci\u00f3n con regularidad para estar al corriente de estos cambios.<\/p>\n<h2>Acceder a sus datos, modificarlos y eliminarlos<\/h2>\n<p>Tiene derecho a consultar, rectificar o suprimir sus datos personales. Adem\u00e1s, tiene derecho a retirar su posible consentimiento para el tratamiento de datos u oponerse al tratamiento de sus datos personales por parte del Centro de Salud Schalkwijk - Haarlem y tiene derecho a la portabilidad de los datos. Esto significa que puede solicitarnos que le enviemos los datos personales que tenemos sobre usted en un archivo inform\u00e1tico a usted o a otra organizaci\u00f3n nombrada por usted. Puede enviar una solicitud de inspecci\u00f3n, correcci\u00f3n, supresi\u00f3n, transferencia de sus datos personales o una solicitud para retirar su consentimiento u oponerse al tratamiento de sus datos personales a los datos de contacto que figuran a continuaci\u00f3n. Responderemos a su solicitud lo antes posible. Por favor, aseg\u00farese de indicar claramente qui\u00e9n es usted para que podamos estar seguros de que no estamos modificando o suprimiendo datos que pertenecen a la persona equivocada.<\/p>\n<h2>Autoridad de Datos Personales<\/h2>\n<p>Gezondheidscentrum Schalkwijk - Haarlem tambi\u00e9n desea informarle de que tiene la posibilidad de presentar una reclamaci\u00f3n ante la autoridad de control del pa\u00eds en el que se encuentre. En los Pa\u00edses Bajos, el organismo regulador se denomina Autoridad de Datos Personales.<\/p>\n<h2>Preguntas y comentarios<\/h2>\n<p>Comprobamos peri\u00f3dicamente el cumplimiento de esta pol\u00edtica de privacidad. Si tiene alguna pregunta sobre esta pol\u00edtica de privacidad, p\u00f3ngase en contacto con nosotros utilizando los datos de contacto que figuran a continuaci\u00f3n.<\/p>\n\t\t\t\t\t\t\t\t<\/div>\n\t\t\t\t<\/div>\n\t\t\t\t\t<\/div>\n\t\t\t\t<\/div>\n\t\t\t\t<\/div>","protected":false},"excerpt":{"rendered":"<p>Privacy- en cookieverklaring Websites Bij , hechten wij groot belang aan de privacy van de gebruikers van de website. Om uw privacy zo goed mogelijk te waarborgen, hanteren wij een aantal kernwaarden. Informeren:\u00a0Wij willen u zo goed mogelijk informeren hoe en waarom wij persoonsgegevens verwerken. Dat doen wij via deze privacyverklaring. Verzameling beperken:\u00a0Wij letten er [&hellip;]<\/p>\n","protected":false},"author":2,"featured_media":0,"parent":0,"menu_order":0,"comment_status":"closed","ping_status":"closed","template":"elementor_header_footer","meta":{"_jf_save_progress":"","footnotes":""},"class_list":["post-3","page","type-page","status-publish","hentry"],"_links":{"self":[{"href":"https:\/\/huisartsen.gcschalkwijk.nl\/es\/wp-json\/wp\/v2\/pages\/3","targetHints":{"allow":["GET"]}}],"collection":[{"href":"https:\/\/huisartsen.gcschalkwijk.nl\/es\/wp-json\/wp\/v2\/pages"}],"about":[{"href":"https:\/\/huisartsen.gcschalkwijk.nl\/es\/wp-json\/wp\/v2\/types\/page"}],"author":[{"embeddable":true,"href":"https:\/\/huisartsen.gcschalkwijk.nl\/es\/wp-json\/wp\/v2\/users\/2"}],"replies":[{"embeddable":true,"href":"https:\/\/huisartsen.gcschalkwijk.nl\/es\/wp-json\/wp\/v2\/comments?post=3"}],"version-history":[{"count":5,"href":"https:\/\/huisartsen.gcschalkwijk.nl\/es\/wp-json\/wp\/v2\/pages\/3\/revisions"}],"predecessor-version":[{"id":1611,"href":"https:\/\/huisartsen.gcschalkwijk.nl\/es\/wp-json\/wp\/v2\/pages\/3\/revisions\/1611"}],"wp:attachment":[{"href":"https:\/\/huisartsen.gcschalkwijk.nl\/es\/wp-json\/wp\/v2\/media?parent=3"}],"curies":[{"name":"wp","href":"https:\/\/api.w.org\/{rel}","templated":true}]}}